{"id":36,"date":"2016-07-18T09:02:31","date_gmt":"2016-07-18T08:02:31","guid":{"rendered":"http:\/\/sw-themes.com\/porto_dummy\/?page_id=36"},"modified":"2022-03-02T17:08:53","modified_gmt":"2022-03-02T16:08:53","slug":"servis","status":"publish","type":"page","link":"https:\/\/sraml-kompresorji.si\/en\/servis\/","title":{"rendered":"Service"},"content":{"rendered":"\t\t<div data-elementor-type=\"wp-page\" data-elementor-id=\"36\" class=\"elementor elementor-36\" data-elementor-post-type=\"page\">\n\t\t\t\t\t\t<section class=\"elementor-section elementor-top-section elementor-element elementor-element-647d746 ms-lg-5 m-t-n-sm elementor-section-boxed elementor-section-height-default elementor-section-height-default\" data-id=\"647d746\" data-element_type=\"section\" data-e-type=\"section\">\r\n\t\t\r\n\t\t\t\t\t\t\t<div class=\"elementor-container elementor-column-gap-default\">\r\n\t\t\t\t\t\t\t\t\t\t\t<div class=\"elementor-column elementor-col-100 elementor-top-column elementor-element elementor-element-7c0504a mt-2\" data-id=\"7c0504a\" data-element_type=\"column\" data-e-type=\"column\">\r\n\t\t\t\t\t<div class=\"elementor-widget-wrap elementor-element-populated\">\r\n\t\t\t\t\t\t\t\t<div class=\"elementor-element elementor-element-d801f7d elementor-widget elementor-widget-heading\" data-id=\"d801f7d\" data-element_type=\"widget\" data-e-type=\"widget\" data-widget_type=\"heading.default\">\n\t\t\t\t<div class=\"elementor-widget-container\">\n\t\t\t\t\t<h2 class=\"elementor-heading-title elementor-size-default\">Servis<\/h2>\t\t\t\t<\/div>\n\t\t\t\t<\/div>\n\t\t\t\t<section class=\"elementor-section elementor-inner-section elementor-element elementor-element-64afd79 elementor-section-boxed elementor-section-height-default elementor-section-height-default\" data-id=\"64afd79\" data-element_type=\"section\" data-e-type=\"section\">\r\n\t\t\r\n\t\t\t\t\t\t\t<div class=\"elementor-container elementor-column-gap-default\">\r\n\t\t\t\t\t\t\t\t\t\t\t<div class=\"elementor-column elementor-col-50 elementor-inner-column elementor-element elementor-element-58ebb53\" data-id=\"58ebb53\" data-element_type=\"column\" data-e-type=\"column\">\r\n\t\t\t\t\t<div class=\"elementor-widget-wrap elementor-element-populated\">\r\n\t\t\t\t\t\t\t\t<div class=\"elementor-element elementor-element-b0de0f7 elementor-widget elementor-widget-text-editor\" data-id=\"b0de0f7\" data-element_type=\"widget\" data-e-type=\"widget\" data-widget_type=\"text-editor.default\">\n\t\t\t\t<div class=\"elementor-widget-container\">\n\t\t\t\t\t\t\t\t\t<p>Servisiramo vse Becker kompresorje in \u010drpalke. Na podlagi ve\u010dletnih izku\u0161enj smo ugotovili, da je servisiranje najbolj ugodno, \u010de se za popravila in zamenjave uporabijo originalni rezervni deli\u010d. Poceni in nizko kvalitetni rezervni deli lahko povzro\u010dijo \u0161kodo in nepravilno delovanje naprave. <strong>Samo originalni Becker rezervni deli zagotavljajo to\u010dnost in kvalitetno delovanje va\u0161e naprave.<\/strong><\/p>\t\t\t\t\t\t\t\t<\/div>\n\t\t\t\t<\/div>\n\t\t\t\t<div class=\"elementor-element elementor-element-d80575b elementor-widget elementor-widget-image\" data-id=\"d80575b\" data-element_type=\"widget\" data-e-type=\"widget\" data-widget_type=\"image.default\">\n\t\t\t\t<div class=\"elementor-widget-container\">\n\t\t\t\t\t\t\t\t\t\t\t\t\t\t\t\t<a href=\"https:\/\/www.becker-international.com\/de\/en\/\">\n\t\t\t\t\t\t\t<img decoding=\"async\" width=\"300\" height=\"72\" src=\"https:\/\/sraml-kompresorji.si\/wp-content\/uploads\/2022\/02\/becker_logo_500px-300x72.png\" class=\"attachment-medium size-medium wp-image-4278\" alt=\"\" \/>\t\t\t\t\t\t\t\t<\/a>\n\t\t\t\t\t\t\t\t\t\t\t\t\t\t\t<\/div>\n\t\t\t\t<\/div>\n\t\t\t\t<div class=\"elementor-element elementor-element-ede6b27 elementor-widget elementor-widget-spacer\" data-id=\"ede6b27\" data-element_type=\"widget\" data-e-type=\"widget\" data-widget_type=\"spacer.default\">\n\t\t\t\t<div class=\"elementor-widget-container\">\n\t\t\t\t\t\t\t<div class=\"elementor-spacer\">\n\t\t\t<div class=\"elementor-spacer-inner\"><\/div>\n\t\t<\/div>\n\t\t\t\t\t\t<\/div>\n\t\t\t\t<\/div>\n\t\t\t\t<div class=\"elementor-element elementor-element-f02c043 elementor-widget elementor-widget-text-editor\" data-id=\"f02c043\" data-element_type=\"widget\" data-e-type=\"widget\" data-widget_type=\"text-editor.default\">\n\t\t\t\t<div class=\"elementor-widget-container\">\n\t\t\t\t\t\t\t\t\t<p>\u010ce imate kakr\u0161nakoli vpra\u0161anja glede servisa, nas lahko kontaktirate preko spodnjega obrazca.<\/p>\t\t\t\t\t\t\t\t<\/div>\n\t\t\t\t<\/div>\n\t\t\t\t\t<\/div>\r\n\t\t\t\t<\/div>\r\n\t\t\t\t<div class=\"elementor-column elementor-col-50 elementor-inner-column elementor-element elementor-element-5c453ec\" data-id=\"5c453ec\" data-element_type=\"column\" data-e-type=\"column\">\r\n\t\t\t\t\t<div class=\"elementor-widget-wrap elementor-element-populated\">\r\n\t\t\t\t\t\t\t\t<div class=\"elementor-element elementor-element-aada6ac elementor-widget elementor-widget-image\" data-id=\"aada6ac\" data-element_type=\"widget\" data-e-type=\"widget\" data-widget_type=\"image.default\">\n\t\t\t\t<div class=\"elementor-widget-container\">\n\t\t\t\t\t\t\t\t\t\t\t\t\t\t\t<img fetchpriority=\"high\" decoding=\"async\" width=\"553\" height=\"330\" src=\"https:\/\/sraml-kompresorji.si\/wp-content\/uploads\/2022\/02\/slika_za_servis.jpg\" class=\"attachment-large size-large wp-image-4536\" alt=\"\" srcset=\"https:\/\/sraml-kompresorji.si\/wp-content\/uploads\/2022\/02\/slika_za_servis.jpg 553w, https:\/\/sraml-kompresorji.si\/wp-content\/uploads\/2022\/02\/slika_za_servis-400x239.jpg 400w, https:\/\/sraml-kompresorji.si\/wp-content\/uploads\/2022\/02\/slika_za_servis-367x219.jpg 367w\" sizes=\"(max-width: 553px) 100vw, 553px\" \/>\t\t\t\t\t\t\t\t\t\t\t\t\t\t\t<\/div>\n\t\t\t\t<\/div>\n\t\t\t\t\t<\/div>\r\n\t\t\t\t<\/div>\r\n\t\t\t\t\t<\/div>\r\n\t\t\t\t<\/section>\r\n\t\t\t\t<section class=\"elementor-section elementor-inner-section elementor-element elementor-element-685dd4c elementor-section-boxed elementor-section-height-default elementor-section-height-default\" data-id=\"685dd4c\" data-element_type=\"section\" data-e-type=\"section\">\r\n\t\t\r\n\t\t\t\t\t\t\t<div class=\"elementor-container elementor-column-gap-default\">\r\n\t\t\t\t\t\t\t\t\t\t\t<div class=\"elementor-column elementor-col-50 elementor-inner-column elementor-element elementor-element-02b42ae\" data-id=\"02b42ae\" data-element_type=\"column\" data-e-type=\"column\">\r\n\t\t\t\t\t<div class=\"elementor-widget-wrap elementor-element-populated\">\r\n\t\t\t\t\t\t\t\t<div class=\"elementor-element elementor-element-38ad22c elementor-widget elementor-widget-wpforms\" data-id=\"38ad22c\" data-element_type=\"widget\" data-e-type=\"widget\" data-widget_type=\"wpforms.default\">\n\t\t\t\t<div class=\"elementor-widget-container\">\n\t\t\t\t\t<div class=\"wpforms-container wpforms-container-full\" id=\"wpforms-4548\"><form id=\"wpforms-form-4548\" class=\"wpforms-validate wpforms-form wpforms-ajax-form\" data-formid=\"4548\" method=\"post\" enctype=\"multipart\/form-data\" action=\"\/en\/wp-json\/wp\/v2\/pages\/36\" data-token=\"ee67db85354845d20a19d241b262cb85\" data-token-time=\"1777736631\"><div class=\"wpforms-head-container\"><div class=\"wpforms-title\">Kontaktni obrazec<\/div><\/div><noscript class=\"wpforms-error-noscript\">Please enable JavaScript in your browser to complete this form.<\/noscript><div class=\"wpforms-field-container\"><div id=\"wpforms-4548-field_1-container\" class=\"wpforms-field wpforms-field-text\" data-field-id=\"1\"><label class=\"wpforms-field-label wpforms-label-hide\" for=\"wpforms-4548-field_1\">Podjetje<\/label><input type=\"text\" id=\"wpforms-4548-field_1\" class=\"wpforms-field-medium\" name=\"wpforms[fields][1]\" placeholder=\"Podjetje\" ><\/div><div id=\"wpforms-4548-field_2-container\" class=\"wpforms-field wpforms-field-text\" data-field-id=\"2\"><label class=\"wpforms-field-label wpforms-label-hide\" for=\"wpforms-4548-field_2\">Kontaktna oseba <span class=\"wpforms-required-label\">*<\/span><\/label><input type=\"text\" id=\"wpforms-4548-field_2\" class=\"wpforms-field-medium wpforms-field-required\" name=\"wpforms[fields][2]\" placeholder=\"Kontaktna oseba\" required><\/div><div id=\"wpforms-4548-field_3-container\" class=\"wpforms-field wpforms-field-text\" data-field-id=\"3\"><label class=\"wpforms-field-label wpforms-label-hide\" for=\"wpforms-4548-field_3\">Telefon <span class=\"wpforms-required-label\">*<\/span><\/label><input type=\"text\" id=\"wpforms-4548-field_3\" class=\"wpforms-field-medium wpforms-field-required\" name=\"wpforms[fields][3]\" placeholder=\"Telefon\" required><\/div><div id=\"wpforms-4548-field_4-container\" class=\"wpforms-field wpforms-field-email\" data-field-id=\"4\"><label class=\"wpforms-field-label wpforms-label-hide\" for=\"wpforms-4548-field_4\">Email <span class=\"wpforms-required-label\">*<\/span><\/label><input type=\"email\" id=\"wpforms-4548-field_4\" class=\"wpforms-field-medium wpforms-field-required\" name=\"wpforms[fields][4]\" placeholder=\"Email\" spellcheck=\"false\" required><\/div><div id=\"wpforms-4548-field_5-container\" class=\"wpforms-field wpforms-field-textarea\" data-field-id=\"5\"><label class=\"wpforms-field-label wpforms-label-hide\" for=\"wpforms-4548-field_5\">Va\u0161e vpra\u0161anje <span class=\"wpforms-required-label\">*<\/span><\/label><textarea id=\"wpforms-4548-field_5\" class=\"wpforms-field-medium wpforms-field-required\" name=\"wpforms[fields][5]\" placeholder=\"Va\u0161e vpra\u0161anje\" required><\/textarea><\/div><\/div><!-- .wpforms-field-container --><div class=\"wpforms-recaptcha-container wpforms-is-hcaptcha\" ><div class=\"h-captcha\" data-sitekey=\"9f490099-b761-4222-abf2-1f17bd8469f5\"><\/div><input type=\"text\" name=\"g-recaptcha-hidden\" class=\"wpforms-recaptcha-hidden\" style=\"position:absolute!important;clip:rect(0,0,0,0)!important;height:1px!important;width:1px!important;border:0!important;overflow:hidden!important;padding:0!important;margin:0!important;\" data-rule-hcaptcha=\"1\"><\/div><div class=\"wpforms-submit-container\" ><input type=\"hidden\" name=\"wpforms[id]\" value=\"4548\"><input type=\"hidden\" name=\"page_title\" value=\"\"><input type=\"hidden\" name=\"page_url\" value=\"https:\/\/sraml-kompresorji.si\/en\/wp-json\/wp\/v2\/pages\/36\"><input type=\"hidden\" name=\"url_referer\" value=\"\"><button type=\"submit\" name=\"wpforms[submit]\" id=\"wpforms-submit-4548\" class=\"wpforms-submit\" data-alt-text=\"Po\u0161iljanje...\" data-submit-text=\"Po\u0161lji\" aria-live=\"assertive\" value=\"wpforms-submit\">Po\u0161lji<\/button><img decoding=\"async\" src=\"https:\/\/sraml-kompresorji.si\/wp-content\/plugins\/wpforms-lite\/assets\/images\/submit-spin.svg\" class=\"wpforms-submit-spinner\" style=\"display: none;\" width=\"26\" height=\"26\" alt=\"Loading\"><\/div><\/form><\/div>  <!-- .wpforms-container -->\t\t\t\t<\/div>\n\t\t\t\t<\/div>\n\t\t\t\t\t<\/div>\r\n\t\t\t\t<\/div>\r\n\t\t\t\t<div class=\"elementor-column elementor-col-50 elementor-inner-column elementor-element elementor-element-1f03ab9\" data-id=\"1f03ab9\" data-element_type=\"column\" data-e-type=\"column\">\r\n\t\t\t\t\t<div class=\"elementor-widget-wrap elementor-element-populated\">\r\n\t\t\t\t\t\t\t\t<div class=\"elementor-element elementor-element-39e4931 elementor-widget elementor-widget-image\" data-id=\"39e4931\" data-element_type=\"widget\" data-e-type=\"widget\" data-widget_type=\"image.default\">\n\t\t\t\t<div class=\"elementor-widget-container\">\n\t\t\t\t\t\t\t\t\t\t\t\t\t\t\t<img loading=\"lazy\" decoding=\"async\" width=\"1024\" height=\"348\" src=\"https:\/\/sraml-kompresorji.si\/wp-content\/uploads\/2022\/02\/logo-slo-trans-1024x348.png\" class=\"attachment-large size-large wp-image-4445\" alt=\"\" srcset=\"https:\/\/sraml-kompresorji.si\/wp-content\/uploads\/2022\/02\/logo-slo-trans-1024x348.png 1024w, https:\/\/sraml-kompresorji.si\/wp-content\/uploads\/2022\/02\/logo-slo-trans-768x261.png 768w, https:\/\/sraml-kompresorji.si\/wp-content\/uploads\/2022\/02\/logo-slo-trans-640x217.png 640w, https:\/\/sraml-kompresorji.si\/wp-content\/uploads\/2022\/02\/logo-slo-trans-400x136.png 400w, https:\/\/sraml-kompresorji.si\/wp-content\/uploads\/2022\/02\/logo-slo-trans-367x125.png 367w\" sizes=\"(max-width: 1024px) 100vw, 1024px\" \/>\t\t\t\t\t\t\t\t\t\t\t\t\t\t\t<\/div>\n\t\t\t\t<\/div>\n\t\t\t\t\t<\/div>\r\n\t\t\t\t<\/div>\r\n\t\t\t\t\t<\/div>\r\n\t\t\t\t<\/section>\r\n\t\t\t\t\t<\/div>\r\n\t\t\t\t<\/div>\r\n\t\t\t\t\t<\/div>\r\n\t\t\t\t<\/section>\r\n\t\t\t\t<\/div>\n\t\t","protected":false},"excerpt":{"rendered":"<p>Servis Servisiramo vse Becker kompresorje in \u010drpalke. Na podlagi ve\u010dletnih izku\u0161enj smo ugotovili, da je servisiranje najbolj ugodno, \u010de se za popravila in zamenjave uporabijo originalni rezervni deli\u010d. Poceni in nizko kvalitetni rezervni deli lahko povzro\u010dijo \u0161kodo in nepravilno delovanje naprave. Samo originalni Becker rezervni deli zagotavljajo to\u010dnost in kvalitetno delovanje va\u0161e naprave. \u010ce imate [&hellip;]<\/p>\n","protected":false},"author":1,"featured_media":0,"parent":0,"menu_order":0,"comment_status":"closed","ping_status":"closed","template":"","meta":{"footnotes":""},"class_list":["post-36","page","type-page","status-publish","hentry"],"_links":{"self":[{"href":"https:\/\/sraml-kompresorji.si\/en\/wp-json\/wp\/v2\/pages\/36","targetHints":{"allow":["GET"]}}],"collection":[{"href":"https:\/\/sraml-kompresorji.si\/en\/wp-json\/wp\/v2\/pages"}],"about":[{"href":"https:\/\/sraml-kompresorji.si\/en\/wp-json\/wp\/v2\/types\/page"}],"author":[{"embeddable":true,"href":"https:\/\/sraml-kompresorji.si\/en\/wp-json\/wp\/v2\/users\/1"}],"replies":[{"embeddable":true,"href":"https:\/\/sraml-kompresorji.si\/en\/wp-json\/wp\/v2\/comments?post=36"}],"version-history":[{"count":50,"href":"https:\/\/sraml-kompresorji.si\/en\/wp-json\/wp\/v2\/pages\/36\/revisions"}],"predecessor-version":[{"id":6044,"href":"https:\/\/sraml-kompresorji.si\/en\/wp-json\/wp\/v2\/pages\/36\/revisions\/6044"}],"wp:attachment":[{"href":"https:\/\/sraml-kompresorji.si\/en\/wp-json\/wp\/v2\/media?parent=36"}],"curies":[{"name":"wp","href":"https:\/\/api.w.org\/{rel}","templated":true}]}}