{"id":3683,"date":"2022-02-08T19:41:05","date_gmt":"2022-02-08T18:41:05","guid":{"rendered":"https:\/\/pripravisupak.si\/?page_id=3683"},"modified":"2022-11-09T21:36:40","modified_gmt":"2022-11-09T20:36:40","slug":"vakuumske-crpalke-roots-booster","status":"publish","type":"page","link":"https:\/\/sraml-kompresorji.si\/en\/vakuumske-crpalke-roots-booster\/","title":{"rendered":"Vacuum pumps - Roots Booster"},"content":{"rendered":"\t\t<div data-elementor-type=\"wp-page\" data-elementor-id=\"3683\" class=\"elementor elementor-3683\" data-elementor-post-type=\"page\">\n\t\t\t\t\t\t<section class=\"elementor-section elementor-top-section elementor-element elementor-element-de60749 elementor-section-boxed elementor-section-height-default elementor-section-height-default\" data-id=\"de60749\" data-element_type=\"section\" data-e-type=\"section\">\r\n\t\t\r\n\t\t\t\t\t\t\t<div class=\"elementor-container elementor-column-gap-default\">\r\n\t\t\t\t\t\t\t\t\t\t\t<div class=\"elementor-column elementor-col-33 elementor-top-column elementor-element elementor-element-c5d3479\" data-id=\"c5d3479\" data-element_type=\"column\" data-e-type=\"column\">\r\n\t\t\t\t\t<div class=\"elementor-widget-wrap elementor-element-populated\">\r\n\t\t\t\t\t\t\t\t<div class=\"elementor-element elementor-element-0cc7aa2 elementor-widget elementor-widget-image\" data-id=\"0cc7aa2\" data-element_type=\"widget\" data-e-type=\"widget\" data-widget_type=\"image.default\">\n\t\t\t\t<div class=\"elementor-widget-container\">\n\t\t\t\t\t\t\t\t\t\t\t\t\t\t\t<img fetchpriority=\"high\" decoding=\"async\" width=\"400\" height=\"300\" src=\"https:\/\/sraml-kompresorji.si\/wp-content\/uploads\/2022\/10\/Roots-Booster_2.gif\" class=\"attachment-large size-large wp-image-6495\" alt=\"\" \/>\t\t\t\t\t\t\t\t\t\t\t\t\t\t\t<\/div>\n\t\t\t\t<\/div>\n\t\t\t\t\t<\/div>\r\n\t\t\t\t<\/div>\r\n\t\t\t\t<div class=\"elementor-column elementor-col-66 elementor-top-column elementor-element elementor-element-3fb2e9e\" data-id=\"3fb2e9e\" data-element_type=\"column\" data-e-type=\"column\">\r\n\t\t\t\t\t<div class=\"elementor-widget-wrap elementor-element-populated\">\r\n\t\t\t\t\t\t\t\t<div class=\"elementor-element elementor-element-44066ee elementor-widget elementor-widget-text-editor\" data-id=\"44066ee\" data-element_type=\"widget\" data-e-type=\"widget\" data-widget_type=\"text-editor.default\">\n\t\t\t\t<div class=\"elementor-widget-container\">\n\t\t\t\t\t\t\t\t\t<p>Vakuumske \u010drpalke Roots booster delujejo po principu delovanja Roots. Dva simetri\u010dna re\u017enja se vrtita v vakuumski komori brez stika med njima ali komoro. So 100 % brez olja in so idealna re\u0161itev, kjer so potrebne visoke hitrosti \u010drpanja.<\/p><p><span style=\"text-decoration: underline;\"><a href=\"https:\/\/sraml-kompresorji.si\/sistemi-in-centrale-booster-sistemi\/\">Uporabijo se lahko v kombinaciji z oljno mazanimi lamelnimi vakuumskimi \u010drpalkami.<\/a><\/span> S tem dose\u017eemo zelo velik volumski pretok z globokim kon\u010dnim vakuumom.<\/p>\t\t\t\t\t\t\t\t<\/div>\n\t\t\t\t<\/div>\n\t\t\t\t\t<\/div>\r\n\t\t\t\t<\/div>\r\n\t\t\t\t\t<\/div>\r\n\t\t\t\t<\/section>\r\n\t\t\t\t<section class=\"elementor-section elementor-top-section elementor-element elementor-element-d444839 elementor-section-boxed elementor-section-height-default elementor-section-height-default\" data-id=\"d444839\" data-element_type=\"section\" data-e-type=\"section\">\r\n\t\t\r\n\t\t\t\t\t\t\t<div class=\"elementor-container elementor-column-gap-default\">\r\n\t\t\t\t\t\t\t\t\t\t\t<div class=\"elementor-column elementor-col-100 elementor-top-column elementor-element elementor-element-debff22\" data-id=\"debff22\" data-element_type=\"column\" data-e-type=\"column\">\r\n\t\t\t\t\t<div class=\"elementor-widget-wrap elementor-element-populated\">\r\n\t\t\t\t\t\t\t\t<div class=\"elementor-element elementor-element-a6598d1 elementor-widget-divider--view-line elementor-widget elementor-widget-divider\" data-id=\"a6598d1\" data-element_type=\"widget\" data-e-type=\"widget\" data-widget_type=\"divider.default\">\n\t\t\t\t<div class=\"elementor-widget-container\">\n\t\t\t\t\t\t\t<div class=\"elementor-divider\">\n\t\t\t<span class=\"elementor-divider-separator\">\n\t\t\t\t\t\t<\/span>\n\t\t<\/div>\n\t\t\t\t\t\t<\/div>\n\t\t\t\t<\/div>\n\t\t\t\t\t<\/div>\r\n\t\t\t\t<\/div>\r\n\t\t\t\t\t<\/div>\r\n\t\t\t\t<\/section>\r\n\t\t\t\t<section class=\"elementor-section elementor-top-section elementor-element elementor-element-62e3fa5 elementor-section-boxed elementor-section-height-default elementor-section-height-default\" data-id=\"62e3fa5\" data-element_type=\"section\" data-e-type=\"section\">\r\n\t\t\r\n\t\t\t\t\t\t\t<div class=\"elementor-container elementor-column-gap-default\">\r\n\t\t\t\t\t\t\t\t\t\t\t<div class=\"elementor-column elementor-col-100 elementor-top-column elementor-element elementor-element-bd1595e\" data-id=\"bd1595e\" data-element_type=\"column\" data-e-type=\"column\">\r\n\t\t\t\t\t<div class=\"elementor-widget-wrap elementor-element-populated\">\r\n\t\t\t\t\t\t\t\t<div class=\"elementor-element elementor-element-e036e87 elementor-widget elementor-widget-html\" data-id=\"e036e87\" data-element_type=\"widget\" data-e-type=\"widget\" data-widget_type=\"html.default\">\n\t\t\t\t<div class=\"elementor-widget-container\">\n\t\t\t\t\t\n<table id=\"tablepress-7\" class=\"tablepress tablepress-id-7\">\n<thead>\n<tr class=\"row-1\">\n\t<th class=\"column-1\">Naziv<\/th><th class=\"column-2\">Kapaciteta<br \/>\n[m3\/h]<\/th><th class=\"column-3\">Max vakuum<br \/>\n[mbar]<\/th><th class=\"column-4\">Mo\u010d motorja<br \/>\n[kW]<\/th><th class=\"column-5\">Tehni\u010dni podatki<br \/>\nPDF<\/th><th class=\"column-6\">Po\u0161lji<br \/>\npovpra\u0161evanje<\/th>\n<\/tr>\n<\/thead>\n<tbody class=\"row-striping row-hover\">\n<tr class=\"row-2\">\n\t<td class=\"column-1\">RBP 500<\/td><td class=\"column-2\">500<\/td><td class=\"column-3\">- 60<\/td><td class=\"column-4\">2,2<\/td><td class=\"column-5\"><a href=\"https:\/\/sraml-kompresorji.si\/wp-content\/uploads\/2022\/02\/RBP_500-RBP_2000.pdf\" target=\"_blank\" rel=\"noopener\"><img decoding=\"async\" src=\"https:\/\/sraml-kompresorji.si\/wp-content\/uploads\/2022\/02\/PDF-28px.png\" alt=\"\" width=\"23\" height=\"28\" class=\"aligncenter size-full wp-image-3863\" \/><\/a><\/td><td class=\"column-6\"><a href=\"https:\/\/sraml-kompresorji.si\/povprasevanje?model=RBP 500\" class=\"btn btn-primary btn-sm\">Povpra\u0161evanje<\/a><\/td>\n<\/tr>\n<tr class=\"row-3\">\n\t<td class=\"column-1\">RBP 1000<\/td><td class=\"column-2\">1000<\/td><td class=\"column-3\">- 60<\/td><td class=\"column-4\">4,0<\/td><td class=\"column-5\"><a href=\"https:\/\/sraml-kompresorji.si\/wp-content\/uploads\/2022\/02\/RBP_500-RBP_2000.pdf\" target=\"_blank\" rel=\"noopener\"><img decoding=\"async\" src=\"https:\/\/sraml-kompresorji.si\/wp-content\/uploads\/2022\/02\/PDF-28px.png\" alt=\"\" width=\"23\" height=\"28\" class=\"aligncenter size-full wp-image-3863\" \/><\/a><\/td><td class=\"column-6\"><a href=\"https:\/\/sraml-kompresorji.si\/povprasevanje?model=RBP 1000\" class=\"btn btn-primary btn-sm\">Povpra\u0161evanje<\/a><\/td>\n<\/tr>\n<tr class=\"row-4\">\n\t<td class=\"column-1\">RBP 2000<\/td><td class=\"column-2\">2000<\/td><td class=\"column-3\">- 60<\/td><td class=\"column-4\">5,5<\/td><td class=\"column-5\"><a href=\"https:\/\/sraml-kompresorji.si\/wp-content\/uploads\/2022\/02\/RBP_500-RBP_2000.pdf\" target=\"_blank\" rel=\"noopener\"><img decoding=\"async\" src=\"https:\/\/sraml-kompresorji.si\/wp-content\/uploads\/2022\/02\/PDF-28px.png\" alt=\"\" width=\"23\" height=\"28\" class=\"aligncenter size-full wp-image-3863\" \/><\/a><\/td><td class=\"column-6\"><a href=\"https:\/\/sraml-kompresorji.si\/povprasevanje?model=RBP 2000\" class=\"btn btn-primary btn-sm\">Povpra\u0161evanje<\/a><\/td>\n<\/tr>\n<\/tbody>\n<\/table>\n<!-- #tablepress-7 from cache -->\t\t\t\t<\/div>\n\t\t\t\t<\/div>\n\t\t\t\t\t<\/div>\r\n\t\t\t\t<\/div>\r\n\t\t\t\t\t<\/div>\r\n\t\t\t\t<\/section>\r\n\t\t\t\t<\/div>\n\t\t","protected":false},"excerpt":{"rendered":"<p>Vakuumske \u010drpalke Roots booster delujejo po principu delovanja Roots. Dva simetri\u010dna re\u017enja se vrtita v vakuumski komori brez stika med njima ali komoro. So 100 % brez olja in so idealna re\u0161itev, kjer so potrebne visoke hitrosti \u010drpanja. Uporabijo se lahko v kombinaciji z oljno mazanimi lamelnimi vakuumskimi \u010drpalkami. S tem dose\u017eemo zelo velik volumski [&hellip;]<\/p>\n","protected":false},"author":1,"featured_media":0,"parent":0,"menu_order":0,"comment_status":"closed","ping_status":"closed","template":"","meta":{"footnotes":""},"class_list":["post-3683","page","type-page","status-publish","hentry"],"_links":{"self":[{"href":"https:\/\/sraml-kompresorji.si\/en\/wp-json\/wp\/v2\/pages\/3683","targetHints":{"allow":["GET"]}}],"collection":[{"href":"https:\/\/sraml-kompresorji.si\/en\/wp-json\/wp\/v2\/pages"}],"about":[{"href":"https:\/\/sraml-kompresorji.si\/en\/wp-json\/wp\/v2\/types\/page"}],"author":[{"embeddable":true,"href":"https:\/\/sraml-kompresorji.si\/en\/wp-json\/wp\/v2\/users\/1"}],"replies":[{"embeddable":true,"href":"https:\/\/sraml-kompresorji.si\/en\/wp-json\/wp\/v2\/comments?post=3683"}],"version-history":[{"count":28,"href":"https:\/\/sraml-kompresorji.si\/en\/wp-json\/wp\/v2\/pages\/3683\/revisions"}],"predecessor-version":[{"id":6614,"href":"https:\/\/sraml-kompresorji.si\/en\/wp-json\/wp\/v2\/pages\/3683\/revisions\/6614"}],"wp:attachment":[{"href":"https:\/\/sraml-kompresorji.si\/en\/wp-json\/wp\/v2\/media?parent=3683"}],"curies":[{"name":"wp","href":"https:\/\/api.w.org\/{rel}","templated":true}]}}