{"id":3725,"date":"2022-02-08T20:58:20","date_gmt":"2022-02-08T19:58:20","guid":{"rendered":"https:\/\/pripravisupak.si\/?page_id=3725"},"modified":"2022-11-06T14:20:53","modified_gmt":"2022-11-06T13:20:53","slug":"kompresorji-radialni","status":"publish","type":"page","link":"https:\/\/sraml-kompresorji.si\/en\/kompresorji-radialni\/","title":{"rendered":"Compressors - Radial"},"content":{"rendered":"\t\t<div data-elementor-type=\"wp-page\" data-elementor-id=\"3725\" class=\"elementor elementor-3725\" data-elementor-post-type=\"page\">\n\t\t\t\t\t\t<section class=\"elementor-section elementor-top-section elementor-element elementor-element-6a5f292 elementor-section-boxed elementor-section-height-default elementor-section-height-default\" data-id=\"6a5f292\" data-element_type=\"section\" data-e-type=\"section\">\r\n\t\t\r\n\t\t\t\t\t\t\t<div class=\"elementor-container elementor-column-gap-default\">\r\n\t\t\t\t\t\t\t\t\t\t\t<div class=\"elementor-column elementor-col-33 elementor-top-column elementor-element elementor-element-749c71c\" data-id=\"749c71c\" data-element_type=\"column\" data-e-type=\"column\">\r\n\t\t\t\t\t<div class=\"elementor-widget-wrap elementor-element-populated\">\r\n\t\t\t\t\t\t\t\t<div class=\"elementor-element elementor-element-7e25794 elementor-widget elementor-widget-image\" data-id=\"7e25794\" data-element_type=\"widget\" data-e-type=\"widget\" data-widget_type=\"image.default\">\n\t\t\t\t<div class=\"elementor-widget-container\">\n\t\t\t\t\t\t\t\t\t\t\t\t\t\t\t<img fetchpriority=\"high\" decoding=\"async\" width=\"400\" height=\"300\" src=\"https:\/\/sraml-kompresorji.si\/wp-content\/uploads\/2022\/11\/Radialni-1.gif\" class=\"attachment-large size-large wp-image-6521\" alt=\"\" \/>\t\t\t\t\t\t\t\t\t\t\t\t\t\t\t<\/div>\n\t\t\t\t<\/div>\n\t\t\t\t\t<\/div>\r\n\t\t\t\t<\/div>\r\n\t\t\t\t<div class=\"elementor-column elementor-col-66 elementor-top-column elementor-element elementor-element-f6e7364\" data-id=\"f6e7364\" data-element_type=\"column\" data-e-type=\"column\">\r\n\t\t\t\t\t<div class=\"elementor-widget-wrap elementor-element-populated\">\r\n\t\t\t\t\t\t\t\t<div class=\"elementor-element elementor-element-e560d7b elementor-widget elementor-widget-text-editor\" data-id=\"e560d7b\" data-element_type=\"widget\" data-e-type=\"widget\" data-widget_type=\"text-editor.default\">\n\t\t\t\t<div class=\"elementor-widget-container\">\n\t\t\t\t\t\t\t\t\t<div>Radialna puhala so zasnovana za visoke pretoke zraka. Volumen se lahko natan\u010dno prilagodi potrebam z uporabo v motor integriranega frekven\u010dnika.<br \/><br \/><\/div><div>Radialna puhala imajo zelo hiter in brezkontakten rotor, zato se ne obrabi in ga ni potrebno vzdr\u017eevati.<\/div>\t\t\t\t\t\t\t\t<\/div>\n\t\t\t\t<\/div>\n\t\t\t\t\t<\/div>\r\n\t\t\t\t<\/div>\r\n\t\t\t\t\t<\/div>\r\n\t\t\t\t<\/section>\r\n\t\t\t\t<section class=\"elementor-section elementor-top-section elementor-element elementor-element-3db0aaf elementor-section-boxed elementor-section-height-default elementor-section-height-default\" data-id=\"3db0aaf\" data-element_type=\"section\" data-e-type=\"section\">\r\n\t\t\r\n\t\t\t\t\t\t\t<div class=\"elementor-container elementor-column-gap-default\">\r\n\t\t\t\t\t\t\t\t\t\t\t<div class=\"elementor-column elementor-col-100 elementor-top-column elementor-element elementor-element-2bce7fe\" data-id=\"2bce7fe\" data-element_type=\"column\" data-e-type=\"column\">\r\n\t\t\t\t\t<div class=\"elementor-widget-wrap elementor-element-populated\">\r\n\t\t\t\t\t\t\t\t<div class=\"elementor-element elementor-element-9899dc5 elementor-widget-divider--view-line elementor-widget elementor-widget-divider\" data-id=\"9899dc5\" data-element_type=\"widget\" data-e-type=\"widget\" data-widget_type=\"divider.default\">\n\t\t\t\t<div class=\"elementor-widget-container\">\n\t\t\t\t\t\t\t<div class=\"elementor-divider\">\n\t\t\t<span class=\"elementor-divider-separator\">\n\t\t\t\t\t\t<\/span>\n\t\t<\/div>\n\t\t\t\t\t\t<\/div>\n\t\t\t\t<\/div>\n\t\t\t\t\t<\/div>\r\n\t\t\t\t<\/div>\r\n\t\t\t\t\t<\/div>\r\n\t\t\t\t<\/section>\r\n\t\t\t\t<section class=\"elementor-section elementor-top-section elementor-element elementor-element-10dfba9 elementor-section-boxed elementor-section-height-default elementor-section-height-default\" data-id=\"10dfba9\" data-element_type=\"section\" data-e-type=\"section\">\r\n\t\t\r\n\t\t\t\t\t\t\t<div class=\"elementor-container elementor-column-gap-default\">\r\n\t\t\t\t\t\t\t\t\t\t\t<div class=\"elementor-column elementor-col-100 elementor-top-column elementor-element elementor-element-262fa90\" data-id=\"262fa90\" data-element_type=\"column\" data-e-type=\"column\">\r\n\t\t\t\t\t<div class=\"elementor-widget-wrap elementor-element-populated\">\r\n\t\t\t\t\t\t\t\t<div class=\"elementor-element elementor-element-37c1ce0 elementor-widget elementor-widget-html\" data-id=\"37c1ce0\" data-element_type=\"widget\" data-e-type=\"widget\" data-widget_type=\"html.default\">\n\t\t\t\t<div class=\"elementor-widget-container\">\n\t\t\t\t\t\n<table id=\"tablepress-12\" class=\"tablepress tablepress-id-12\">\n<thead>\n<tr class=\"row-1\">\n\t<th class=\"column-1\">Naziv<\/th><th class=\"column-2\">Kapaciteta<br \/>\n[m3\/h]<\/th><th class=\"column-3\">Max tlak<br \/>\n[mbar]<\/th><th class=\"column-4\">Mo\u010d frekven\u010dnika<br \/>\n[kW]<\/th><th class=\"column-5\">Tehni\u010dni podatki<br \/>\nPDF<\/th><th class=\"column-6\">Po\u0161ljite<br \/>\npovpra\u0161evanje<\/th>\n<\/tr>\n<\/thead>\n<tbody class=\"row-striping row-hover\">\n<tr class=\"row-2\">\n\t<td class=\"column-1\">VATP 1600<\/td><td class=\"column-2\">1570<\/td><td class=\"column-3\">+ 410<\/td><td class=\"column-4\">11 - 22<\/td><td class=\"column-5\"><a href=\"https:\/\/sraml-kompresorji.si\/wp-content\/uploads\/2022\/02\/VATP_1600_pressure.pdf\" target=\"_blank\" rel=\"noopener\"><img decoding=\"async\" src=\"https:\/\/sraml-kompresorji.si\/wp-content\/uploads\/2022\/02\/PDF-28px.png\" alt=\"\" width=\"23\" height=\"28\" class=\"aligncenter size-full wp-image-3863\" \/><\/a><\/td><td class=\"column-6\"><a href=\"https:\/\/sraml-kompresorji.si\/povprasevanje?model=VATP%201600%20kompresor\" class=\"btn btn-primary btn-sm\">Povpra\u0161evanje<\/a><\/td>\n<\/tr>\n<tr class=\"row-3\">\n\t<td class=\"column-1\">VARIAIR RV 2.1944\/10<\/td><td class=\"column-2\">1570<\/td><td class=\"column-3\">+ 410<\/td><td class=\"column-4\">7,5 \/ 11 - 22<\/td><td class=\"column-5\"><a href=\"https:\/\/sraml-kompresorji.si\/wp-content\/uploads\/2022\/02\/VARIAIR_RV_2.1944_10_pressure.pdf\" target=\"_blank\" rel=\"noopener\"><img decoding=\"async\" src=\"https:\/\/sraml-kompresorji.si\/wp-content\/uploads\/2022\/02\/PDF-28px.png\" alt=\"\" width=\"23\" height=\"28\" class=\"aligncenter size-full wp-image-3863\" \/><\/a><\/td><td class=\"column-6\"><a href=\"https:\/\/sraml-kompresorji.si\/povprasevanje?model=VARIAIR%20RV%202.1944&#47;10%20kompresor\" class=\"btn btn-primary btn-sm\">Povpra\u0161evanje<\/a><\/td>\n<\/tr>\n<tr class=\"row-4\">\n\t<td class=\"column-1\">Filter za RV 2.1944\/10<\/td><td class=\"column-2\"><\/td><td class=\"column-3\"><\/td><td class=\"column-4\"><\/td><td class=\"column-5\"><a href=\"https:\/\/sraml-kompresorji.si\/wp-content\/uploads\/2022\/02\/Filter_RV_2.19.pdf\" target=\"_blank\" rel=\"noopener\"><img decoding=\"async\" src=\"https:\/\/sraml-kompresorji.si\/wp-content\/uploads\/2022\/02\/PDF-28px.png\" alt=\"\" width=\"23\" height=\"28\" class=\"aligncenter size-full wp-image-3863\" \/><\/a><\/td><td class=\"column-6\"><a href=\"https:\/\/sraml-kompresorji.si\/povprasevanje?model=Filter%20za%20RV%202.1944&#47;10%20kompresor\" class=\"btn btn-primary btn-sm\">Povpra\u0161evanje<\/a><\/td>\n<\/tr>\n<\/tbody>\n<\/table>\n<!-- #tablepress-12 from cache -->\t\t\t\t<\/div>\n\t\t\t\t<\/div>\n\t\t\t\t\t<\/div>\r\n\t\t\t\t<\/div>\r\n\t\t\t\t\t<\/div>\r\n\t\t\t\t<\/section>\r\n\t\t\t\t<\/div>\n\t\t","protected":false},"excerpt":{"rendered":"<p>Radialna puhala so zasnovana za visoke pretoke zraka. Volumen se lahko natan\u010dno prilagodi potrebam z uporabo v motor integriranega frekven\u010dnika. Radialna puhala imajo zelo hiter in brezkontakten rotor, zato se ne obrabi in ga ni potrebno vzdr\u017eevati.<\/p>","protected":false},"author":1,"featured_media":0,"parent":0,"menu_order":0,"comment_status":"closed","ping_status":"closed","template":"","meta":{"footnotes":""},"class_list":["post-3725","page","type-page","status-publish","hentry"],"_links":{"self":[{"href":"https:\/\/sraml-kompresorji.si\/en\/wp-json\/wp\/v2\/pages\/3725","targetHints":{"allow":["GET"]}}],"collection":[{"href":"https:\/\/sraml-kompresorji.si\/en\/wp-json\/wp\/v2\/pages"}],"about":[{"href":"https:\/\/sraml-kompresorji.si\/en\/wp-json\/wp\/v2\/types\/page"}],"author":[{"embeddable":true,"href":"https:\/\/sraml-kompresorji.si\/en\/wp-json\/wp\/v2\/users\/1"}],"replies":[{"embeddable":true,"href":"https:\/\/sraml-kompresorji.si\/en\/wp-json\/wp\/v2\/comments?post=3725"}],"version-history":[{"count":49,"href":"https:\/\/sraml-kompresorji.si\/en\/wp-json\/wp\/v2\/pages\/3725\/revisions"}],"predecessor-version":[{"id":6524,"href":"https:\/\/sraml-kompresorji.si\/en\/wp-json\/wp\/v2\/pages\/3725\/revisions\/6524"}],"wp:attachment":[{"href":"https:\/\/sraml-kompresorji.si\/en\/wp-json\/wp\/v2\/media?parent=3725"}],"curies":[{"name":"wp","href":"https:\/\/api.w.org\/{rel}","templated":true}]}}