{"id":3796,"date":"2022-02-08T22:06:42","date_gmt":"2022-02-08T21:06:42","guid":{"rendered":"https:\/\/pripravisupak.si\/?page_id=3796"},"modified":"2024-06-03T08:52:09","modified_gmt":"2024-06-03T07:52:09","slug":"dodatna-oprema-protihrupna-ohisja","status":"publish","type":"page","link":"https:\/\/sraml-kompresorji.si\/en\/dodatna-oprema-protihrupna-ohisja\/","title":{"rendered":"Accessories - Sound proof boxes"},"content":{"rendered":"<div data-elementor-type=\"wp-page\" data-elementor-id=\"3796\" class=\"elementor elementor-3796\" data-elementor-post-type=\"page\">\n\t\t\t\t\t\t<section class=\"elementor-section elementor-top-section elementor-element elementor-element-ae0031c elementor-section-boxed elementor-section-height-default elementor-section-height-default\" data-id=\"ae0031c\" data-element_type=\"section\" data-e-type=\"section\">\r\n\t\t\r\n\t\t\t\t\t\t\t<div class=\"elementor-container elementor-column-gap-default\">\r\n\t\t\t\t\t\t\t\t\t\t\t<div class=\"elementor-column elementor-col-100 elementor-top-column elementor-element elementor-element-70e056e\" data-id=\"70e056e\" data-element_type=\"column\" data-e-type=\"column\">\r\n\t\t\t\t\t<div class=\"elementor-widget-wrap elementor-element-populated\">\r\n\t\t\t\t\t\t\t\t<div class=\"elementor-element elementor-element-d690b81 elementor-align-center elementor-widget elementor-widget-button\" data-id=\"d690b81\" data-element_type=\"widget\" data-e-type=\"widget\" data-widget_type=\"button.default\">\n\t\t\t\t<div class=\"elementor-widget-container\">\n\t\t\t\t\t\t\t\t\t<div class=\"elementor-button-wrapper\">\n\t\t\t\t\t<a class=\"elementor-button elementor-button-link elementor-size-md\" href=\"https:\/\/sraml-kompresorji.si\/en\/povprasevanje\/?model=Protihrupna%20ohi\u0161ja\">\n\t\t\t\t\t\t<span class=\"elementor-button-content-wrapper\">\n\t\t\t\t\t\t\t\t\t<span class=\"elementor-button-text\">Inquiry<\/span>\n\t\t\t\t\t<\/span>\n\t\t\t\t\t<\/a>\n\t\t\t\t<\/div>\n\t\t\t\t\t\t\t\t<\/div>\n\t\t\t\t<\/div>\n\t\t\t\t\t<\/div>\r\n\t\t\t\t<\/div>\r\n\t\t\t\t\t<\/div>\r\n\t\t\t\t<\/section>\r\n\t\t\t\t<section class=\"elementor-section elementor-top-section elementor-element elementor-element-3adf8a6 elementor-section-content-middle elementor-section-boxed elementor-section-height-default elementor-section-height-default\" data-id=\"3adf8a6\" data-element_type=\"section\" data-e-type=\"section\">\r\n\t\t\r\n\t\t\t\t\t\t\t<div class=\"elementor-container elementor-column-gap-default\">\r\n\t\t\t\t\t\t\t\t\t\t\t<div class=\"elementor-column elementor-col-33 elementor-top-column elementor-element elementor-element-989f9ac\" data-id=\"989f9ac\" data-element_type=\"column\" data-e-type=\"column\">\r\n\t\t\t\t\t<div class=\"elementor-widget-wrap elementor-element-populated\">\r\n\t\t\t\t\t\t\t\t<div class=\"elementor-element elementor-element-8b027a5 elementor-widget elementor-widget-text-editor\" data-id=\"8b027a5\" data-element_type=\"widget\" data-e-type=\"widget\" data-widget_type=\"text-editor.default\">\n\t\t\t\t<div class=\"elementor-widget-container\">\n\t\t\t\t\t\t\t\t\t<p><strong>Sound proof boxes SH<\/strong><\/p><p>For vacuum and blast air<\/p>\t\t\t\t\t\t\t\t<\/div>\n\t\t\t\t<\/div>\n\t\t\t\t\t<\/div>\r\n\t\t\t\t<\/div>\r\n\t\t\t\t<div class=\"elementor-column elementor-col-33 elementor-top-column elementor-element elementor-element-315fac4\" data-id=\"315fac4\" data-element_type=\"column\" data-e-type=\"column\">\r\n\t\t\t\t\t<div class=\"elementor-widget-wrap elementor-element-populated\">\r\n\t\t\t\t\t\t\t\t<div class=\"elementor-element elementor-element-30b54d1 elementor-widget elementor-widget-image\" data-id=\"30b54d1\" data-element_type=\"widget\" data-e-type=\"widget\" data-widget_type=\"image.default\">\n\t\t\t\t<div class=\"elementor-widget-container\">\n\t\t\t\t\t\t\t\t\t\t\t\t\t\t\t\t<a href=\"https:\/\/sraml-kompresorji.si\/wp-content\/uploads\/2022\/02\/boxes.pdf\" target=\"_blank\">\n\t\t\t\t\t\t\t<img decoding=\"async\" src=\"https:\/\/sraml-kompresorji.si\/wp-content\/uploads\/elementor\/thumbs\/195px-PDF_file_icon.svg_-pk8avll0ri2d89j2olxfow6dbp3ys01fxwyc4vj8cg.png\" title=\"PDF file\" alt=\"PDF file\" loading=\"lazy\" \/>\t\t\t\t\t\t\t\t<\/a>\n\t\t\t\t\t\t\t\t\t\t\t\t\t\t\t<\/div>\n\t\t\t\t<\/div>\n\t\t\t\t\t<\/div>\r\n\t\t\t\t<\/div>\r\n\t\t\t\t<div class=\"elementor-column elementor-col-33 elementor-top-column elementor-element elementor-element-aed6215\" data-id=\"aed6215\" data-element_type=\"column\" data-e-type=\"column\">\r\n\t\t\t\t\t<div class=\"elementor-widget-wrap elementor-element-populated\">\r\n\t\t\t\t\t\t\t\t<div class=\"elementor-element elementor-element-795e35c elementor-widget elementor-widget-image\" data-id=\"795e35c\" data-element_type=\"widget\" data-e-type=\"widget\" data-widget_type=\"image.default\">\n\t\t\t\t<div class=\"elementor-widget-container\">\n\t\t\t\t\t\t\t\t\t\t\t\t\t\t\t<img decoding=\"async\" src=\"https:\/\/sraml-kompresorji.si\/wp-content\/uploads\/elementor\/thumbs\/boxes-pkm5bdrlhbrejdl771w8blu5f3k3t7stjhi15s0vls.jpg\" title=\"boxes\" alt=\"boxes\" loading=\"lazy\" \/>\t\t\t\t\t\t\t\t\t\t\t\t\t\t\t<\/div>\n\t\t\t\t<\/div>\n\t\t\t\t\t<\/div>\r\n\t\t\t\t<\/div>\r\n\t\t\t\t\t<\/div>\r\n\t\t\t\t<\/section>\r\n\t\t\t\t<\/div>","protected":false},"excerpt":{"rendered":"<p>Povpra\u0161evanje Protihrupna ohi\u0161ja SH Za vakuumske \u010drpalke in kompresorje.<\/p>","protected":false},"author":1,"featured_media":0,"parent":0,"menu_order":0,"comment_status":"closed","ping_status":"closed","template":"","meta":{"footnotes":""},"class_list":["post-3796","page","type-page","status-publish","hentry"],"_links":{"self":[{"href":"https:\/\/sraml-kompresorji.si\/en\/wp-json\/wp\/v2\/pages\/3796","targetHints":{"allow":["GET"]}}],"collection":[{"href":"https:\/\/sraml-kompresorji.si\/en\/wp-json\/wp\/v2\/pages"}],"about":[{"href":"https:\/\/sraml-kompresorji.si\/en\/wp-json\/wp\/v2\/types\/page"}],"author":[{"embeddable":true,"href":"https:\/\/sraml-kompresorji.si\/en\/wp-json\/wp\/v2\/users\/1"}],"replies":[{"embeddable":true,"href":"https:\/\/sraml-kompresorji.si\/en\/wp-json\/wp\/v2\/comments?post=3796"}],"version-history":[{"count":14,"href":"https:\/\/sraml-kompresorji.si\/en\/wp-json\/wp\/v2\/pages\/3796\/revisions"}],"predecessor-version":[{"id":6013,"href":"https:\/\/sraml-kompresorji.si\/en\/wp-json\/wp\/v2\/pages\/3796\/revisions\/6013"}],"wp:attachment":[{"href":"https:\/\/sraml-kompresorji.si\/en\/wp-json\/wp\/v2\/media?parent=3796"}],"curies":[{"name":"wp","href":"https:\/\/api.w.org\/{rel}","templated":true}]}}