{"id":4059,"date":"2022-02-10T10:12:07","date_gmt":"2022-02-10T09:12:07","guid":{"rendered":"https:\/\/pripravisupak.si\/?page_id=4059"},"modified":"2022-12-05T17:28:29","modified_gmt":"2022-12-05T16:28:29","slug":"kompresorji-brezkontaktni","status":"publish","type":"page","link":"https:\/\/sraml-kompresorji.si\/en\/kompresorji-brezkontaktni\/","title":{"rendered":"Compressors - Claw"},"content":{"rendered":"\t\t<div data-elementor-type=\"wp-page\" data-elementor-id=\"4059\" class=\"elementor elementor-4059\" data-elementor-post-type=\"page\">\n\t\t\t\t\t\t<section class=\"elementor-section elementor-top-section elementor-element elementor-element-db3cdef elementor-section-boxed elementor-section-height-default elementor-section-height-default\" data-id=\"db3cdef\" data-element_type=\"section\" data-e-type=\"section\">\r\n\t\t\r\n\t\t\t\t\t\t\t<div class=\"elementor-container elementor-column-gap-default\">\r\n\t\t\t\t\t\t\t\t\t\t\t<div class=\"elementor-column elementor-col-33 elementor-top-column elementor-element elementor-element-744a65f\" data-id=\"744a65f\" data-element_type=\"column\" data-e-type=\"column\">\r\n\t\t\t\t\t<div class=\"elementor-widget-wrap elementor-element-populated\">\r\n\t\t\t\t\t\t\t\t<div class=\"elementor-element elementor-element-20a0c71 elementor-widget elementor-widget-image\" data-id=\"20a0c71\" data-element_type=\"widget\" data-e-type=\"widget\" data-widget_type=\"image.default\">\n\t\t\t\t<div class=\"elementor-widget-container\">\n\t\t\t\t\t\t\t\t\t\t\t\t\t\t\t<img fetchpriority=\"high\" decoding=\"async\" width=\"400\" height=\"300\" src=\"https:\/\/sraml-kompresorji.si\/wp-content\/uploads\/2022\/10\/Claw_2.gif\" class=\"attachment-large size-large wp-image-6491\" alt=\"\" \/>\t\t\t\t\t\t\t\t\t\t\t\t\t\t\t<\/div>\n\t\t\t\t<\/div>\n\t\t\t\t\t<\/div>\r\n\t\t\t\t<\/div>\r\n\t\t\t\t<div class=\"elementor-column elementor-col-66 elementor-top-column elementor-element elementor-element-6043566\" data-id=\"6043566\" data-element_type=\"column\" data-e-type=\"column\">\r\n\t\t\t\t\t<div class=\"elementor-widget-wrap elementor-element-populated\">\r\n\t\t\t\t\t\t\t\t<div class=\"elementor-element elementor-element-ed9ee95 elementor-widget elementor-widget-text-editor\" data-id=\"ed9ee95\" data-element_type=\"widget\" data-e-type=\"widget\" data-widget_type=\"text-editor.default\">\n\t\t\t\t<div class=\"elementor-widget-container\">\n\t\t\t\t\t\t\t\t\t<p>Brezkontaktni suhoteko\u010di kompresorji so 100 % brez olja. Dva rotorja, podobna krempljem, se vrtita v kompresorski komori. Vrtita se v nasprotnih smereh, ne da bi se dotikala drug drugega ali komore. Zaradi tega je za \u010drpalko potrebno zelo malo vzdr\u017eevanja. Tehnologija takih rotorjev zagotavlja visoko stopnjo u\u010dinkovitosti in nizko porabo energije.<\/p>\t\t\t\t\t\t\t\t<\/div>\n\t\t\t\t<\/div>\n\t\t\t\t\t<\/div>\r\n\t\t\t\t<\/div>\r\n\t\t\t\t\t<\/div>\r\n\t\t\t\t<\/section>\r\n\t\t\t\t<section class=\"elementor-section elementor-top-section elementor-element elementor-element-e334c3c elementor-section-boxed elementor-section-height-default elementor-section-height-default\" data-id=\"e334c3c\" data-element_type=\"section\" data-e-type=\"section\">\r\n\t\t\r\n\t\t\t\t\t\t\t<div class=\"elementor-container elementor-column-gap-default\">\r\n\t\t\t\t\t\t\t\t\t\t\t<div class=\"elementor-column elementor-col-100 elementor-top-column elementor-element elementor-element-215e3fd\" data-id=\"215e3fd\" data-element_type=\"column\" data-e-type=\"column\">\r\n\t\t\t\t\t<div class=\"elementor-widget-wrap elementor-element-populated\">\r\n\t\t\t\t\t\t\t\t<div class=\"elementor-element elementor-element-6021ac6 elementor-widget-divider--view-line elementor-widget elementor-widget-divider\" data-id=\"6021ac6\" data-element_type=\"widget\" data-e-type=\"widget\" data-widget_type=\"divider.default\">\n\t\t\t\t<div class=\"elementor-widget-container\">\n\t\t\t\t\t\t\t<div class=\"elementor-divider\">\n\t\t\t<span class=\"elementor-divider-separator\">\n\t\t\t\t\t\t<\/span>\n\t\t<\/div>\n\t\t\t\t\t\t<\/div>\n\t\t\t\t<\/div>\n\t\t\t\t\t<\/div>\r\n\t\t\t\t<\/div>\r\n\t\t\t\t\t<\/div>\r\n\t\t\t\t<\/section>\r\n\t\t\t\t<section class=\"elementor-section elementor-top-section elementor-element elementor-element-a34306d elementor-section-boxed elementor-section-height-default elementor-section-height-default\" data-id=\"a34306d\" data-element_type=\"section\" data-e-type=\"section\">\r\n\t\t\r\n\t\t\t\t\t\t\t<div class=\"elementor-container elementor-column-gap-default\">\r\n\t\t\t\t\t\t\t\t\t\t\t<div class=\"elementor-column elementor-col-100 elementor-top-column elementor-element elementor-element-270e0ac\" data-id=\"270e0ac\" data-element_type=\"column\" data-e-type=\"column\">\r\n\t\t\t\t\t<div class=\"elementor-widget-wrap elementor-element-populated\">\r\n\t\t\t\t\t\t\t\t<div class=\"elementor-element elementor-element-6d4de5d elementor-widget elementor-widget-html\" data-id=\"6d4de5d\" data-element_type=\"widget\" data-e-type=\"widget\" data-widget_type=\"html.default\">\n\t\t\t\t<div class=\"elementor-widget-container\">\n\t\t\t\t\t\n<table id=\"tablepress-10\" class=\"tablepress tablepress-id-10\">\n<thead>\n<tr class=\"row-1\">\n\t<th class=\"column-1\">Naziv<\/th><th class=\"column-2\">Kapaciteta<br \/>\n[m3\/h]<\/th><th class=\"column-3\">Max tlak<br \/>\n[bar]<\/th><th class=\"column-4\">Mo\u010d motorja<br \/>\n[kW]<\/th><th class=\"column-5\">Tehni\u010dni podatki<br \/>\nPDF<\/th><th class=\"column-6\">Po\u0161lji<br \/>\npovpra\u0161evanje<\/th>\n<\/tr>\n<\/thead>\n<tbody class=\"row-striping row-hover\">\n<tr class=\"row-2\">\n\t<td class=\"column-1\">BCP 100 PD<\/td><td class=\"column-2\">100<\/td><td class=\"column-3\">+ 0,8<br \/>\n+ 1,3<br \/>\n+ 1,5<br \/>\n+ 2,0<\/td><td class=\"column-4\">3,0 \/ 4,0<br \/>\n4,0 \/ 4,8<br \/>\n5,5<br \/>\n5,5 \/ 7,5<\/td><td class=\"column-5\"><a href=\"https:\/\/sraml-kompresorji.si\/wp-content\/uploads\/BCP_100_PD.pdf\" target=\"_blank\" rel=\"noopener\"><img decoding=\"async\" src=\"https:\/\/sraml-kompresorji.si\/wp-content\/uploads\/2022\/02\/PDF-28px.png\" alt=\"\" width=\"23\" height=\"28\" class=\"aligncenter size-full wp-image-3863\" \/><\/a><\/td><td class=\"column-6\"><a href=\"https:\/\/sraml-kompresorji.si\/povprasevanje?model=BCP 100 PD\" class=\"btn btn-primary btn-sm\">Povpra\u0161evanje<\/a><\/td>\n<\/tr>\n<tr class=\"row-3\">\n\t<td class=\"column-1\">BCP 150 PD<\/td><td class=\"column-2\">150<\/td><td class=\"column-3\">+ 1,0<br \/>\n+ 1,3<br \/>\n+ 1,7<br \/>\n+ 2,0<\/td><td class=\"column-4\">5,5<br \/>\n7,5<br \/>\n7,5<br \/>\n9,2 \/ 11,0<\/td><td class=\"column-5\"><a href=\"https:\/\/sraml-kompresorji.si\/wp-content\/uploads\/BCP_150_PD.pdf\" target=\"_blank\" rel=\"noopener\"><img decoding=\"async\" src=\"https:\/\/sraml-kompresorji.si\/wp-content\/uploads\/2022\/02\/PDF-28px.png\" alt=\"\" width=\"23\" height=\"28\" class=\"aligncenter size-full wp-image-3863\" \/><\/a><\/td><td class=\"column-6\"><a href=\"https:\/\/sraml-kompresorji.si\/povprasevanje?model=BCP 150 PD\" class=\"btn btn-primary btn-sm\">Povpra\u0161evanje<\/a><\/td>\n<\/tr>\n<tr class=\"row-4\">\n\t<td class=\"column-1\">BCP 300 PD<\/td><td class=\"column-2\">275<\/td><td class=\"column-3\">+ 1,3<br \/>\n+ 1,6<br \/>\n+ 2,0<\/td><td class=\"column-4\">11,0<br \/>\n15,0<br \/>\n15,0 \/ 18,5<\/td><td class=\"column-5\"><a href=\"https:\/\/sraml-kompresorji.si\/wp-content\/uploads\/BCP_300_PD.pdf\" target=\"_blank\" rel=\"noopener\"><img decoding=\"async\" src=\"https:\/\/sraml-kompresorji.si\/wp-content\/uploads\/2022\/02\/PDF-28px.png\" alt=\"\" width=\"23\" height=\"28\" class=\"aligncenter size-full wp-image-3863\" \/><\/a><\/td><td class=\"column-6\"><a href=\"https:\/\/sraml-kompresorji.si\/povprasevanje?model=BCP 300 PD\" class=\"btn btn-primary btn-sm\">Povpra\u0161evanje<\/a><\/td>\n<\/tr>\n<\/tbody>\n<\/table>\n<!-- #tablepress-10 from cache -->\t\t\t\t<\/div>\n\t\t\t\t<\/div>\n\t\t\t\t\t<\/div>\r\n\t\t\t\t<\/div>\r\n\t\t\t\t\t<\/div>\r\n\t\t\t\t<\/section>\r\n\t\t\t\t<section class=\"elementor-section elementor-top-section elementor-element elementor-element-dfba3ce elementor-section-boxed elementor-section-height-default elementor-section-height-default\" data-id=\"dfba3ce\" data-element_type=\"section\" data-e-type=\"section\">\r\n\t\t\r\n\t\t\t\t\t\t\t<div class=\"elementor-container elementor-column-gap-default\">\r\n\t\t\t\t\t\t\t\t\t\t\t<div class=\"elementor-column elementor-col-100 elementor-top-column elementor-element elementor-element-7406840\" data-id=\"7406840\" data-element_type=\"column\" data-e-type=\"column\">\r\n\t\t\t\t\t<div class=\"elementor-widget-wrap elementor-element-populated\">\r\n\t\t\t\t\t\t\t\t<div class=\"elementor-element elementor-element-aa78b40 elementor-widget-divider--view-line elementor-widget elementor-widget-divider\" data-id=\"aa78b40\" data-element_type=\"widget\" data-e-type=\"widget\" data-widget_type=\"divider.default\">\n\t\t\t\t<div class=\"elementor-widget-container\">\n\t\t\t\t\t\t\t<div class=\"elementor-divider\">\n\t\t\t<span class=\"elementor-divider-separator\">\n\t\t\t\t\t\t<\/span>\n\t\t<\/div>\n\t\t\t\t\t\t<\/div>\n\t\t\t\t<\/div>\n\t\t\t\t\t<\/div>\r\n\t\t\t\t<\/div>\r\n\t\t\t\t\t<\/div>\r\n\t\t\t\t<\/section>\r\n\t\t\t\t<section class=\"elementor-section elementor-top-section elementor-element elementor-element-4f6d353 elementor-section-boxed elementor-section-height-default elementor-section-height-default\" data-id=\"4f6d353\" data-element_type=\"section\" data-e-type=\"section\">\r\n\t\t\r\n\t\t\t\t\t\t\t<div class=\"elementor-container elementor-column-gap-default\">\r\n\t\t\t\t\t\t\t\t\t\t\t<div class=\"elementor-column elementor-col-100 elementor-top-column elementor-element elementor-element-5bde1d6\" data-id=\"5bde1d6\" data-element_type=\"column\" data-e-type=\"column\">\r\n\t\t\t\t\t<div class=\"elementor-widget-wrap elementor-element-populated\">\r\n\t\t\t\t\t\t\t\t<div class=\"elementor-element elementor-element-147fe0c elementor-widget elementor-widget-video\" data-id=\"147fe0c\" data-element_type=\"widget\" data-e-type=\"widget\" data-settings=\"{&quot;youtube_url&quot;:&quot;https:\\\/\\\/www.youtube.com\\\/watch?v=VHGTznLjHp4&quot;,&quot;video_type&quot;:&quot;youtube&quot;,&quot;controls&quot;:&quot;yes&quot;}\" data-widget_type=\"video.default\">\n\t\t\t\t<div class=\"elementor-widget-container\">\n\t\t\t\t\t\t\t<div class=\"elementor-wrapper elementor-open-inline\">\n\t\t\t<div class=\"elementor-video\"><\/div>\t\t<\/div>\n\t\t\t\t\t\t<\/div>\n\t\t\t\t<\/div>\n\t\t\t\t\t<\/div>\r\n\t\t\t\t<\/div>\r\n\t\t\t\t\t<\/div>\r\n\t\t\t\t<\/section>\r\n\t\t\t\t<\/div>\n\t\t","protected":false},"excerpt":{"rendered":"<p>Becker\u2019s claw compressors utilise a positive-displacement operating principle, similar to rotary vane pumps. Claw pumps are 100% free of oil and contact during operation. To achieve this, two claw-like rotors rotate within a compression chamber. They rotate in opposite directions without touching one another or the chamber.\n\nThis makes the pump particularly low-maintenance. The claw technology ensures a high degree of efficiency and low energy consumption.<\/p>","protected":false},"author":1,"featured_media":0,"parent":0,"menu_order":0,"comment_status":"closed","ping_status":"closed","template":"","meta":{"footnotes":""},"class_list":["post-4059","page","type-page","status-publish","hentry"],"_links":{"self":[{"href":"https:\/\/sraml-kompresorji.si\/en\/wp-json\/wp\/v2\/pages\/4059","targetHints":{"allow":["GET"]}}],"collection":[{"href":"https:\/\/sraml-kompresorji.si\/en\/wp-json\/wp\/v2\/pages"}],"about":[{"href":"https:\/\/sraml-kompresorji.si\/en\/wp-json\/wp\/v2\/types\/page"}],"author":[{"embeddable":true,"href":"https:\/\/sraml-kompresorji.si\/en\/wp-json\/wp\/v2\/users\/1"}],"replies":[{"embeddable":true,"href":"https:\/\/sraml-kompresorji.si\/en\/wp-json\/wp\/v2\/comments?post=4059"}],"version-history":[{"count":26,"href":"https:\/\/sraml-kompresorji.si\/en\/wp-json\/wp\/v2\/pages\/4059\/revisions"}],"predecessor-version":[{"id":6656,"href":"https:\/\/sraml-kompresorji.si\/en\/wp-json\/wp\/v2\/pages\/4059\/revisions\/6656"}],"wp:attachment":[{"href":"https:\/\/sraml-kompresorji.si\/en\/wp-json\/wp\/v2\/media?parent=4059"}],"curies":[{"name":"wp","href":"https:\/\/api.w.org\/{rel}","templated":true}]}}