{"id":5907,"date":"2022-02-27T10:17:22","date_gmt":"2022-02-27T09:17:22","guid":{"rendered":"https:\/\/sraml-kompresorji.si\/?page_id=5907"},"modified":"2022-02-27T16:50:01","modified_gmt":"2022-02-27T15:50:01","slug":"povprasevanje","status":"publish","type":"page","link":"https:\/\/sraml-kompresorji.si\/en\/povprasevanje\/","title":{"rendered":"Kontakt &#8211; Povpra\u0161evanje"},"content":{"rendered":"\t\t<div data-elementor-type=\"wp-page\" data-elementor-id=\"5907\" class=\"elementor elementor-5907\" data-elementor-post-type=\"page\">\n\t\t\t\t\t\t<section class=\"elementor-section elementor-top-section elementor-element elementor-element-253b373 elementor-section-boxed elementor-section-height-default elementor-section-height-default\" data-id=\"253b373\" data-element_type=\"section\" data-e-type=\"section\">\r\n\t\t\r\n\t\t\t\t\t\t\t<div class=\"elementor-container elementor-column-gap-default\">\r\n\t\t\t\t\t\t\t\t\t\t\t<div class=\"elementor-column elementor-col-100 elementor-top-column elementor-element elementor-element-e460834 elementor-invisible\" data-id=\"e460834\" data-element_type=\"column\" data-e-type=\"column\" data-settings=\"{&quot;animation&quot;:&quot;fadeInLeft&quot;,&quot;animation_delay&quot;:400}\">\r\n\t\t\t\t\t<div class=\"elementor-widget-wrap elementor-element-populated\">\r\n\t\t\t\t\t\t\t\t<div class=\"elementor-element elementor-element-d7500b8 mb-2 elementor-widget elementor-widget-heading\" data-id=\"d7500b8\" data-element_type=\"widget\" data-e-type=\"widget\" data-widget_type=\"heading.default\">\n\t\t\t\t<div class=\"elementor-widget-container\">\n\t\t\t\t\t<h2 class=\"elementor-heading-title elementor-size-default\">Pi\u0161ite nam<\/h2>\t\t\t\t<\/div>\n\t\t\t\t<\/div>\n\t\t\t\t<div class=\"elementor-element elementor-element-7bd0942 elementor-widget elementor-widget-wpforms\" data-id=\"7bd0942\" data-element_type=\"widget\" data-e-type=\"widget\" data-widget_type=\"wpforms.default\">\n\t\t\t\t<div class=\"elementor-widget-container\">\n\t\t\t\t\t<div class=\"wpforms-container wpforms-container-full\" id=\"wpforms-5906\"><form id=\"wpforms-form-5906\" class=\"wpforms-validate wpforms-form wpforms-ajax-form\" data-formid=\"5906\" method=\"post\" enctype=\"multipart\/form-data\" action=\"\/en\/wp-json\/wp\/v2\/pages\/5907\" data-token=\"017bf59119dc5fc49d9227e522ebd815\" data-token-time=\"1776588469\"><noscript class=\"wpforms-error-noscript\">Please enable JavaScript in your browser to complete this form.<\/noscript><div class=\"wpforms-field-container\"><div id=\"wpforms-5906-field_8-container\" class=\"wpforms-field wpforms-field-text\" data-field-id=\"8\"><label class=\"wpforms-field-label\" for=\"wpforms-5906-field_8\">Povpra\u0161evanje za: <span class=\"wpforms-required-label\">*<\/span><\/label><input type=\"text\" id=\"wpforms-5906-field_8\" class=\"wpforms-field-medium wpforms-field-required\" name=\"wpforms[fields][8]\" required><\/div><div id=\"wpforms-5906-field_1-container\" class=\"wpforms-field wpforms-field-text\" data-field-id=\"1\"><label class=\"wpforms-field-label\" for=\"wpforms-5906-field_1\">Podjetje<\/label><input type=\"text\" id=\"wpforms-5906-field_1\" class=\"wpforms-field-medium\" name=\"wpforms[fields][1]\" ><\/div><div id=\"wpforms-5906-field_2-container\" class=\"wpforms-field wpforms-field-text\" data-field-id=\"2\"><label class=\"wpforms-field-label\" for=\"wpforms-5906-field_2\">Kontaktna oseba <span class=\"wpforms-required-label\">*<\/span><\/label><input type=\"text\" id=\"wpforms-5906-field_2\" class=\"wpforms-field-medium wpforms-field-required\" name=\"wpforms[fields][2]\" required><\/div><div id=\"wpforms-5906-field_3-container\" class=\"wpforms-field wpforms-field-text\" data-field-id=\"3\"><label class=\"wpforms-field-label\" for=\"wpforms-5906-field_3\">Telefon <span class=\"wpforms-required-label\">*<\/span><\/label><input type=\"text\" id=\"wpforms-5906-field_3\" class=\"wpforms-field-medium wpforms-field-required\" name=\"wpforms[fields][3]\" required><\/div><div id=\"wpforms-5906-field_4-container\" class=\"wpforms-field wpforms-field-email\" data-field-id=\"4\"><label class=\"wpforms-field-label\" for=\"wpforms-5906-field_4\">Email <span class=\"wpforms-required-label\">*<\/span><\/label><input type=\"email\" id=\"wpforms-5906-field_4\" class=\"wpforms-field-medium wpforms-field-required\" name=\"wpforms[fields][4]\" spellcheck=\"false\" required><\/div><div id=\"wpforms-5906-field_5-container\" class=\"wpforms-field wpforms-field-textarea\" data-field-id=\"5\"><label class=\"wpforms-field-label\" for=\"wpforms-5906-field_5\">Dodatne informacije<\/label><textarea id=\"wpforms-5906-field_5\" class=\"wpforms-field-medium\" name=\"wpforms[fields][5]\" placeholder=\"(koli\u010dino, mo\u010d motorja, vpra\u0161anja ipd.)\" ><\/textarea><\/div><\/div><!-- .wpforms-field-container --><div class=\"wpforms-recaptcha-container wpforms-is-hcaptcha\" ><div class=\"h-captcha\" data-sitekey=\"9f490099-b761-4222-abf2-1f17bd8469f5\"><\/div><input type=\"text\" name=\"g-recaptcha-hidden\" class=\"wpforms-recaptcha-hidden\" style=\"position:absolute!important;clip:rect(0,0,0,0)!important;height:1px!important;width:1px!important;border:0!important;overflow:hidden!important;padding:0!important;margin:0!important;\" data-rule-hcaptcha=\"1\"><\/div><div class=\"wpforms-submit-container\" ><input type=\"hidden\" name=\"wpforms[id]\" value=\"5906\"><input type=\"hidden\" name=\"page_title\" value=\"\"><input type=\"hidden\" name=\"page_url\" value=\"https:\/\/sraml-kompresorji.si\/en\/wp-json\/wp\/v2\/pages\/5907\"><input type=\"hidden\" name=\"url_referer\" value=\"\"><button type=\"submit\" name=\"wpforms[submit]\" id=\"wpforms-submit-5906\" class=\"wpforms-submit\" data-alt-text=\"Po\u0161iljanje...\" data-submit-text=\"Po\u0161lji\" aria-live=\"assertive\" value=\"wpforms-submit\">Po\u0161lji<\/button><img decoding=\"async\" src=\"https:\/\/sraml-kompresorji.si\/wp-content\/plugins\/wpforms-lite\/assets\/images\/submit-spin.svg\" class=\"wpforms-submit-spinner\" style=\"display: none;\" width=\"26\" height=\"26\" alt=\"Loading\"><\/div><\/form><\/div>  <!-- .wpforms-container -->\t\t\t\t<\/div>\n\t\t\t\t<\/div>\n\t\t\t\t\t<\/div>\r\n\t\t\t\t<\/div>\r\n\t\t\t\t\t<\/div>\r\n\t\t\t\t<\/section>\r\n\t\t\t\t<section class=\"elementor-section elementor-top-section elementor-element elementor-element-3d64b7a mb-5 contact-info elementor-section-boxed elementor-section-height-default elementor-section-height-default\" data-id=\"3d64b7a\" data-element_type=\"section\" data-e-type=\"section\">\r\n\t\t\r\n\t\t\t\t\t\t\t<div class=\"elementor-container elementor-column-gap-default\">\r\n\t\t\t\t\t\t\t\t\t\t\t<div class=\"elementor-column elementor-col-33 elementor-top-column elementor-element elementor-element-fbd3234 elementor-invisible\" data-id=\"fbd3234\" data-element_type=\"column\" data-e-type=\"column\" data-settings=\"{&quot;animation&quot;:&quot;fadeInUp&quot;,&quot;animation_delay&quot;:200}\">\r\n\t\t\t\t\t<div class=\"elementor-widget-wrap elementor-element-populated\">\r\n\t\t\t\t\t\t\t\t<div class=\"elementor-element elementor-element-5151874 w-auto elementor-widget elementor-widget-porto_info_box\" data-id=\"5151874\" data-element_type=\"widget\" data-e-type=\"widget\" data-widget_type=\"porto_info_box.default\">\n\t\t\t\t<div class=\"elementor-widget-container\">\n\t\t\t\t\t<div class=\"porto-sicon-box style_1 default-icon flex-wrap\"><div class=\"porto-sicon-default\"><div class=\"porto-just-icon-wrapper porto-icon none  svg\" style=\"margin-right:6px;\"><svg xmlns=\"http:\/\/www.w3.org\/2000\/svg\" xmlns:xlink=\"http:\/\/www.w3.org\/1999\/xlink\" x=\"0px\" y=\"0px\" viewBox=\"0 0 419 420\" style=\"enable-background:new 0 0 419 420;\" xml:space=\"preserve\" width=\"23\" height=\"23\">\t<path d=\"M303.7,411.1c-15.6-0.1-31.2-2.1-46.4-5.9c-52.4-12.6-106.4-44.7-152-90.4s-77.7-99.6-90.4-152   C1.7,107.8,11.2,60.6,41.7,30.1l8.7-8.7c16.5-16.4,43.1-16.4,59.6,0l50.1,50.1c16.5,16.5,16.5,43.2,0,59.6l-29.6,29.6   c14.2,24.9,33.5,49.8,56.3,72.6s47.8,42.1,72.6,56.3l29.6-29.6c16.5-16.5,43.1-16.5,59.6,0c0,0,0,0,0,0l50.1,50.1   c16.5,16.5,16.5,43.1,0,59.6l-8.7,8.7C368.5,400,338.7,411.1,303.7,411.1z M80.2,39c-3.2,0-6.3,1.3-8.6,3.6l-8.7,8.7   c-22.9,22.9-29.6,60-18.8,104.5c11.4,47.1,40.6,96.1,82.4,137.9s90.7,71,137.9,82.4c44.5,10.7,81.6,4.1,104.5-18.8l8.7-8.7   c4.7-4.7,4.7-12.4,0-17.2l-50.1-50.1c-4.7-4.7-12.4-4.7-17.2,0l-37.5,37.5c-4.6,4.6-11.7,5.7-17.5,2.7c-30.8-15.9-61.8-39-89.6-67   s-51-58.9-66.9-89.6c-3-5.8-1.9-12.9,2.7-17.5l37.5-37.5c4.7-4.7,4.7-12.4,0-17.2L88.8,42.6C86.5,40.3,83.4,39,80.2,39z\"><\/path>\t<path d=\"M319.8,230.7c-8.3,0-15-6.7-15-15l0,0c-0.1-54.8-44.5-99.2-99.3-99.3c-8.3,0-15-6.7-15-15s6.7-15,15-15l0,0   c71.3,0,129.3,58,129.3,129.3C334.8,224,328,230.7,319.8,230.7C319.8,230.7,319.8,230.7,319.8,230.7z\"><\/path>\t<path d=\"M383.1,230.7c-8.3,0-15-6.7-15-15l0,0c0-89.7-73-162.7-162.6-162.7c-8.3,0-15-6.7-15-15s6.7-15,15-15l0,0   c106.2,0,192.6,86.4,192.6,192.7C398.1,224,391.4,230.7,383.1,230.7L383.1,230.7z\"><\/path><\/svg><\/div><\/div><div class=\"porto-sicon-header\"><a class=\"porto-sicon-box-link\" href=\"tel:#\"><h5 class=\"porto-sicon-title\" style=\"\">+386 41 77 14 16<\/h5><\/a><\/div> <!-- header --><div class=\"porto-sicon-description\" style=\"\" ><p>Pokli\u010dite nas<\/p><\/div> <!-- description --><\/div><!-- porto-sicon-box -->\t\t\t\t<\/div>\n\t\t\t\t<\/div>\n\t\t\t\t\t<\/div>\r\n\t\t\t\t<\/div>\r\n\t\t\t\t<div class=\"elementor-column elementor-col-33 elementor-top-column elementor-element elementor-element-4c1937e elementor-invisible\" data-id=\"4c1937e\" data-element_type=\"column\" data-e-type=\"column\" data-settings=\"{&quot;animation&quot;:&quot;fadeInUp&quot;,&quot;animation_delay&quot;:200}\">\r\n\t\t\t\t\t<div class=\"elementor-widget-wrap elementor-element-populated\">\r\n\t\t\t\t\t\t\t\t<div class=\"elementor-element elementor-element-1cdc872 w-auto elementor-widget elementor-widget-porto_info_box\" data-id=\"1cdc872\" data-element_type=\"widget\" data-e-type=\"widget\" data-widget_type=\"porto_info_box.default\">\n\t\t\t\t<div class=\"elementor-widget-container\">\n\t\t\t\t\t<div class=\"porto-sicon-box style_1 default-icon flex-wrap\"><div class=\"porto-sicon-default\"><div class=\"porto-just-icon-wrapper porto-icon none  svg\" style=\"margin-right:6px;\"><svg xmlns=\"http:\/\/www.w3.org\/2000\/svg\" xmlns:xlink=\"http:\/\/www.w3.org\/1999\/xlink\" x=\"0px\" y=\"0px\" viewBox=\"0 0 64 64\" style=\"enable-background:new 0 0 64 64;\" xml:space=\"preserve\" width=\"23\" height=\"23\"><path d=\"M32,60C16.5,60,4,47.5,4,32S16.5,4,32,4c15.9,0,25,8.7,25,24v1c0.2,3.4-0.6,6.8-2.3,9.7c-1.8,3.1-5.1,5.1-8.7,5  c-4,0-8.6-2.3-8.6-8.8v-0.1L38,22.9c-0.5-0.1-1-0.2-1.5-0.3c-1.4-0.2-2.7-0.3-4.1-0.3c-2.5-0.1-5,0.8-6.7,2.7  c-1.8,2.1-2.8,4.8-2.6,7.6c-0.1,2.2,0.5,4.3,1.7,6.1c1.1,1.3,2.7,1.9,4.3,1.8c1.2,0,2.4-0.3,3.4-0.9c0.9-0.6,2.2-0.4,2.8,0.6  s0.4,2.2-0.6,2.8C33,44,31,44.6,29.1,44.5c-2.8,0.1-5.6-1.1-7.4-3.3c-1.8-2.1-2.6-5-2.6-8.7c-0.2-3.8,1.1-7.5,3.7-10.3  c2.5-2.7,6-4.1,9.7-4c1.6,0,3.1,0.1,4.7,0.4c1.2,0.2,2.4,0.4,3.5,0.7l1.6,0.4L41.4,35c0,4.1,2.9,4.7,4.6,4.7c2.1,0,4.1-1.1,5.2-2.9  c1.4-2.4,2-5.1,1.8-7.8v-1c0-12.9-7.5-20-21-20C18.7,8,8,18.7,8,32c0,13.3,10.7,24,24,24c6.2,0,12.1-2.4,16.6-6.7  c0.8-0.8,2.1-0.7,2.8,0.1c0.8,0.8,0.7,2.1-0.1,2.8l0,0C46.2,57.2,39.2,60,32,60z\"><\/path><\/svg><\/div><\/div><div class=\"porto-sicon-header\"><a class=\"porto-sicon-box-link\" href=\"mailto:porto@construction.com\"><h5 class=\"porto-sicon-title\" style=\"\">info@sraml-kompresorji.si<\/h5><\/a><\/div> <!-- header --><div class=\"porto-sicon-description\" style=\"\" ><p>Po\u0161ljite nam email<\/p><\/div> <!-- description --><\/div><!-- porto-sicon-box -->\t\t\t\t<\/div>\n\t\t\t\t<\/div>\n\t\t\t\t\t<\/div>\r\n\t\t\t\t<\/div>\r\n\t\t\t\t<div class=\"elementor-column elementor-col-33 elementor-top-column elementor-element elementor-element-26ea81c elementor-invisible\" data-id=\"26ea81c\" data-element_type=\"column\" data-e-type=\"column\" data-settings=\"{&quot;animation&quot;:&quot;fadeInUp&quot;,&quot;animation_delay&quot;:600}\">\r\n\t\t\t\t\t<div class=\"elementor-widget-wrap elementor-element-populated\">\r\n\t\t\t\t\t\t\t\t<div class=\"elementor-element elementor-element-0e552ab elementor-widget elementor-widget-porto_info_box\" data-id=\"0e552ab\" data-element_type=\"widget\" data-e-type=\"widget\" data-widget_type=\"porto_info_box.default\">\n\t\t\t\t<div class=\"elementor-widget-container\">\n\t\t\t\t\t<div class=\"porto-sicon-box style_1 default-icon flex-wrap\"><div class=\"porto-sicon-default\"><div class=\"porto-just-icon-wrapper porto-icon none\" style=\"margin-right:6px;\"><i class=\"porto-icon-map-location\"><\/i><\/div><\/div><div class=\"porto-sicon-header\"><h5 class=\"porto-sicon-title\" style=\"\">Dolga Poljana 1h, 5271 Vipava<\/h5><\/div> <!-- header --><div class=\"porto-sicon-description\" style=\"\" ><p>Naslov<\/p><\/div> <!-- description --><\/div><!-- porto-sicon-box -->\t\t\t\t<\/div>\n\t\t\t\t<\/div>\n\t\t\t\t\t<\/div>\r\n\t\t\t\t<\/div>\r\n\t\t\t\t\t<\/div>\r\n\t\t\t\t<\/section>\r\n\t\t\t\t<section class=\"elementor-section elementor-top-section elementor-element elementor-element-05c8159 elementor-section-boxed elementor-section-height-default elementor-section-height-default\" data-id=\"05c8159\" data-element_type=\"section\" data-e-type=\"section\">\r\n\t\t\r\n\t\t\t\t\t\t\t<div class=\"elementor-container elementor-column-gap-default\">\r\n\t\t\t\t\t\t\t\t\t\t\t<div class=\"elementor-column elementor-col-25 elementor-top-column elementor-element elementor-element-95e3c2b\" data-id=\"95e3c2b\" data-element_type=\"column\" data-e-type=\"column\">\r\n\t\t\t\t\t<div class=\"elementor-widget-wrap\">\r\n\t\t\t\t\t\t\t\t\t<\/div>\r\n\t\t\t\t<\/div>\r\n\t\t\t\t<div class=\"elementor-column elementor-col-25 elementor-top-column elementor-element elementor-element-0ac7cf3\" data-id=\"0ac7cf3\" data-element_type=\"column\" data-e-type=\"column\">\r\n\t\t\t\t\t<div class=\"elementor-widget-wrap elementor-element-populated\">\r\n\t\t\t\t\t\t\t\t<div class=\"elementor-element elementor-element-f5afc13 elementor-invisible elementor-widget elementor-widget-image\" data-id=\"f5afc13\" data-element_type=\"widget\" data-e-type=\"widget\" data-settings=\"{&quot;_animation&quot;:&quot;bounceIn&quot;}\" data-widget_type=\"image.default\">\n\t\t\t\t<div class=\"elementor-widget-container\">\n\t\t\t\t\t\t\t\t\t\t\t\t\t\t\t<img decoding=\"async\" width=\"200\" height=\"200\" src=\"https:\/\/sraml-kompresorji.si\/wp-content\/uploads\/2022\/02\/QR-stik.png\" class=\"attachment-large size-large wp-image-4946\" alt=\"\" \/>\t\t\t\t\t\t\t\t\t\t\t\t\t\t\t<\/div>\n\t\t\t\t<\/div>\n\t\t\t\t<div class=\"elementor-element elementor-element-4a2a918 elementor-widget elementor-widget-spacer\" data-id=\"4a2a918\" data-element_type=\"widget\" data-e-type=\"widget\" data-widget_type=\"spacer.default\">\n\t\t\t\t<div class=\"elementor-widget-container\">\n\t\t\t\t\t\t\t<div class=\"elementor-spacer\">\n\t\t\t<div class=\"elementor-spacer-inner\"><\/div>\n\t\t<\/div>\n\t\t\t\t\t\t<\/div>\n\t\t\t\t<\/div>\n\t\t\t\t\t<\/div>\r\n\t\t\t\t<\/div>\r\n\t\t\t\t<div class=\"elementor-column elementor-col-25 elementor-top-column elementor-element elementor-element-c1f89cb\" data-id=\"c1f89cb\" data-element_type=\"column\" data-e-type=\"column\">\r\n\t\t\t\t\t<div class=\"elementor-widget-wrap elementor-element-populated\">\r\n\t\t\t\t\t\t\t\t<div class=\"elementor-element elementor-element-89524d2 elementor-widget elementor-widget-spacer\" data-id=\"89524d2\" data-element_type=\"widget\" data-e-type=\"widget\" data-widget_type=\"spacer.default\">\n\t\t\t\t<div class=\"elementor-widget-container\">\n\t\t\t\t\t\t\t<div class=\"elementor-spacer\">\n\t\t\t<div class=\"elementor-spacer-inner\"><\/div>\n\t\t<\/div>\n\t\t\t\t\t\t<\/div>\n\t\t\t\t<\/div>\n\t\t\t\t<div class=\"elementor-element elementor-element-bb08b5f elementor-invisible elementor-widget elementor-widget-text-editor\" data-id=\"bb08b5f\" data-element_type=\"widget\" data-e-type=\"widget\" data-settings=\"{&quot;_animation&quot;:&quot;fadeInUp&quot;}\" data-widget_type=\"text-editor.default\">\n\t\t\t\t<div class=\"elementor-widget-container\">\n\t\t\t\t\t\t\t\t\t<p>Skenirajte QR kodo in si shranite na\u0161 kontakt v svoj imenik.<\/p>\t\t\t\t\t\t\t\t<\/div>\n\t\t\t\t<\/div>\n\t\t\t\t\t<\/div>\r\n\t\t\t\t<\/div>\r\n\t\t\t\t<div class=\"elementor-column elementor-col-25 elementor-top-column elementor-element elementor-element-a479a2d\" data-id=\"a479a2d\" data-element_type=\"column\" data-e-type=\"column\">\r\n\t\t\t\t\t<div class=\"elementor-widget-wrap\">\r\n\t\t\t\t\t\t\t\t\t<\/div>\r\n\t\t\t\t<\/div>\r\n\t\t\t\t\t<\/div>\r\n\t\t\t\t<\/section>\r\n\t\t\t\t<section class=\"elementor-section elementor-top-section elementor-element elementor-element-b5612ab elementor-section-boxed elementor-section-height-default elementor-section-height-default\" data-id=\"b5612ab\" data-element_type=\"section\" data-e-type=\"section\">\r\n\t\t\r\n\t\t\t\t\t\t\t<div class=\"elementor-container elementor-column-gap-default\">\r\n\t\t\t\t\t\t\t\t\t\t\t<div class=\"elementor-column elementor-col-100 elementor-top-column elementor-element elementor-element-a7afea8\" data-id=\"a7afea8\" data-element_type=\"column\" data-e-type=\"column\">\r\n\t\t\t\t\t<div class=\"elementor-widget-wrap elementor-element-populated\">\r\n\t\t\t\t\t\t\t\t<div class=\"elementor-element elementor-element-b54c7c7 mb-2 elementor-widget elementor-widget-heading\" data-id=\"b54c7c7\" data-element_type=\"widget\" data-e-type=\"widget\" data-widget_type=\"heading.default\">\n\t\t\t\t<div class=\"elementor-widget-container\">\n\t\t\t\t\t<h2 class=\"elementor-heading-title elementor-size-default\">Sede\u017e podjetja<\/h2>\t\t\t\t<\/div>\n\t\t\t\t<\/div>\n\t\t\t\t\t<\/div>\r\n\t\t\t\t<\/div>\r\n\t\t\t\t\t<\/div>\r\n\t\t\t\t<\/section>\r\n\t\t\t\t<section class=\"elementor-section elementor-top-section elementor-element elementor-element-ee06b8e elementor-section-boxed elementor-section-height-default elementor-section-height-default\" data-id=\"ee06b8e\" data-element_type=\"section\" data-e-type=\"section\">\r\n\t\t\r\n\t\t\t\t\t\t\t<div class=\"elementor-container elementor-column-gap-default\">\r\n\t\t\t\t\t\t\t\t\t\t\t<div class=\"elementor-column elementor-col-100 elementor-top-column elementor-element elementor-element-7ff5664\" data-id=\"7ff5664\" data-element_type=\"column\" data-e-type=\"column\">\r\n\t\t\t\t\t<div class=\"elementor-widget-wrap elementor-element-populated\">\r\n\t\t\t\t\t\t\t\t<div class=\"elementor-element elementor-element-59583cb elementor-widget elementor-widget-google_maps\" data-id=\"59583cb\" data-element_type=\"widget\" data-e-type=\"widget\" data-widget_type=\"google_maps.default\">\n\t\t\t\t<div class=\"elementor-widget-container\">\n\t\t\t\t\t\t\t<div class=\"elementor-custom-embed\">\n\t\t\t<iframe loading=\"lazy\"\n\t\t\t\t\tsrc=\"https:\/\/maps.google.com\/maps?q=%C5%A1raml%20kompresorji%20d.o.o.&#038;t=m&#038;z=13&#038;output=embed&#038;iwloc=near\"\n\t\t\t\t\ttitle=\"\u0161raml kompresorji d.o.o.\"\n\t\t\t\t\taria-label=\"\u0161raml kompresorji d.o.o.\"\n\t\t\t><\/iframe>\n\t\t<\/div>\n\t\t\t\t\t\t<\/div>\n\t\t\t\t<\/div>\n\t\t\t\t\t<\/div>\r\n\t\t\t\t<\/div>\r\n\t\t\t\t\t<\/div>\r\n\t\t\t\t<\/section>\r\n\t\t\t\t<\/div>\n\t\t","protected":false},"excerpt":{"rendered":"<p>Pi\u0161ite nam +386 41 77 14 16 Pokli\u010dite nas info@sraml-kompresorji.si Po\u0161ljite nam email Dolga Poljana 1h, 5271 Vipava Naslov Skenirajte QR kodo in si shranite na\u0161 kontakt v svoj imenik. Sede\u017e podjetja<\/p>","protected":false},"author":1,"featured_media":0,"parent":0,"menu_order":0,"comment_status":"closed","ping_status":"closed","template":"","meta":{"footnotes":""},"class_list":["post-5907","page","type-page","status-publish","hentry"],"_links":{"self":[{"href":"https:\/\/sraml-kompresorji.si\/en\/wp-json\/wp\/v2\/pages\/5907","targetHints":{"allow":["GET"]}}],"collection":[{"href":"https:\/\/sraml-kompresorji.si\/en\/wp-json\/wp\/v2\/pages"}],"about":[{"href":"https:\/\/sraml-kompresorji.si\/en\/wp-json\/wp\/v2\/types\/page"}],"author":[{"embeddable":true,"href":"https:\/\/sraml-kompresorji.si\/en\/wp-json\/wp\/v2\/users\/1"}],"replies":[{"embeddable":true,"href":"https:\/\/sraml-kompresorji.si\/en\/wp-json\/wp\/v2\/comments?post=5907"}],"version-history":[{"count":7,"href":"https:\/\/sraml-kompresorji.si\/en\/wp-json\/wp\/v2\/pages\/5907\/revisions"}],"predecessor-version":[{"id":5951,"href":"https:\/\/sraml-kompresorji.si\/en\/wp-json\/wp\/v2\/pages\/5907\/revisions\/5951"}],"wp:attachment":[{"href":"https:\/\/sraml-kompresorji.si\/en\/wp-json\/wp\/v2\/media?parent=5907"}],"curies":[{"name":"wp","href":"https:\/\/api.w.org\/{rel}","templated":true}]}}